{"id":451,"date":"2014-08-29T08:00:40","date_gmt":"2014-08-29T08:00:40","guid":{"rendered":"http:\/\/wp\/?page_id=63"},"modified":"2025-12-02T01:46:12","modified_gmt":"2025-12-01T22:46:12","slug":"about","status":"publish","type":"page","link":"https:\/\/www.suni-cim.com.tr\/en\/about","title":{"rendered":"about us"},"content":{"rendered":"<style type=\"text\/css\" data-created_by=\"avia_inline_auto\" id=\"style-css-av-4bpagz-5f899749f698cfe8aa354b9d68e6fb5a\">\n.avia-section.av-4bpagz-5f899749f698cfe8aa354b9d68e6fb5a{\nbackground-color:#4ecac2;\nbackground-image:unset;\n}\n.avia-section.av-4bpagz-5f899749f698cfe8aa354b9d68e6fb5a .av-extra-border-element .av-extra-border-inner{\nbackground-color:#4ecac2;\n}\n<\/style>\n<div id='av_section_1'  class='avia-section av-4bpagz-5f899749f698cfe8aa354b9d68e6fb5a main_color avia-section-default avia-no-border-styling  avia-builder-el-0  avia-builder-el-no-sibling  avia-bg-style-scroll av-arrow-down-section av-minimum-height av-minimum-height-custom av-height-custom  container_wrap sidebar_right'   data-av_minimum_height_px='430'><div class='container av-section-cont-open' style='height:430px'><main  role=\"main\" itemprop=\"mainContentOfPage\"  class='template-page content  av-content-small alpha units'><div class='post-entry post-entry-type-page post-entry-451'><div class='entry-content-wrapper clearfix'>\n\n<style type=\"text\/css\" data-created_by=\"avia_inline_auto\" id=\"style-css-av-45vppv-b5b34addc738cb97c4a4302250e8be06\">\n#top .av-special-heading.av-45vppv-b5b34addc738cb97c4a4302250e8be06{\npadding-bottom:40px;\ncolor:#ffffff;\nfont-size:72px;\n}\nbody .av-special-heading.av-45vppv-b5b34addc738cb97c4a4302250e8be06 .av-special-heading-tag .heading-char{\nfont-size:25px;\n}\n#top #wrap_all .av-special-heading.av-45vppv-b5b34addc738cb97c4a4302250e8be06 .av-special-heading-tag{\nfont-size:72px;\n}\n.av-special-heading.av-45vppv-b5b34addc738cb97c4a4302250e8be06 .special-heading-inner-border{\nborder-color:#ffffff;\n}\n.av-special-heading.av-45vppv-b5b34addc738cb97c4a4302250e8be06 .av-subheading{\nfont-size:20px;\n}\n\n@media only screen and (min-width: 480px) and (max-width: 767px){ \n#top #wrap_all .av-special-heading.av-45vppv-b5b34addc738cb97c4a4302250e8be06 .av-special-heading-tag{\nfont-size:0.8em;\n}\n}\n\n@media only screen and (max-width: 479px){ \n#top #wrap_all .av-special-heading.av-45vppv-b5b34addc738cb97c4a4302250e8be06 .av-special-heading-tag{\nfont-size:0.8em;\n}\n}\n<\/style>\n<div  class='av-special-heading av-45vppv-b5b34addc738cb97c4a4302250e8be06 av-special-heading-h2 custom-color-heading blockquote modern-quote  avia-builder-el-1  avia-builder-el-no-sibling  av-inherit-size'><h2 class='av-special-heading-tag'  itemprop=\"headline\"  >Companies selling artificial grass<\/h2><div class='av_custom_color av-subheading av-subheading_below'><p>2010 y\u0131l\u0131nda hal\u0131 saha hal\u0131s\u0131 i\u015flerine ba\u015flam\u0131\u015f olan firmam\u0131z hal\u0131 saha suni \u00e7im ve anahtar teslim spor sahalar\u0131 yapmaktad\u0131r 55mm suni \u00e7im m2 f\u0131yat\u0131 i\u00e7in aray\u0131n\u0131z. 05426125610<\/p>\n<\/div><div class=\"special-heading-border\"><div class=\"special-heading-inner-border\"><\/div><\/div><\/div>\n<\/div><\/div><\/main><!-- close content main element --><\/div><div class='av-extra-border-element border-extra-arrow-down'><div class='av-extra-border-outer'><div class='av-extra-border-inner'><\/div><\/div><\/div><\/div><div id='after_section_1'  class='main_color av_default_container_wrap container_wrap sidebar_right'  ><div class='container av-section-cont-open' ><div class='template-page content  av-content-small alpha units'><div class='post-entry post-entry-type-page post-entry-451'><div class='entry-content-wrapper clearfix'>","protected":false},"excerpt":{"rendered":"","protected":false},"author":2,"featured_media":592,"parent":0,"menu_order":0,"comment_status":"open","ping_status":"closed","template":"","meta":{"footnotes":""},"class_list":["post-451","page","type-page","status-publish","has-post-thumbnail","hentry"],"_links":{"self":[{"href":"https:\/\/www.suni-cim.com.tr\/en\/wp-json\/wp\/v2\/pages\/451","targetHints":{"allow":["GET"]}}],"collection":[{"href":"https:\/\/www.suni-cim.com.tr\/en\/wp-json\/wp\/v2\/pages"}],"about":[{"href":"https:\/\/www.suni-cim.com.tr\/en\/wp-json\/wp\/v2\/types\/page"}],"author":[{"embeddable":true,"href":"https:\/\/www.suni-cim.com.tr\/en\/wp-json\/wp\/v2\/users\/2"}],"replies":[{"embeddable":true,"href":"https:\/\/www.suni-cim.com.tr\/en\/wp-json\/wp\/v2\/comments?post=451"}],"version-history":[{"count":0,"href":"https:\/\/www.suni-cim.com.tr\/en\/wp-json\/wp\/v2\/pages\/451\/revisions"}],"wp:featuredmedia":[{"embeddable":true,"href":"https:\/\/www.suni-cim.com.tr\/en\/wp-json\/wp\/v2\/media\/592"}],"wp:attachment":[{"href":"https:\/\/www.suni-cim.com.tr\/en\/wp-json\/wp\/v2\/media?parent=451"}],"curies":[{"name":"wp","href":"https:\/\/api.w.org\/{rel}","templated":true}]}}