{"id":448,"date":"2014-08-29T01:35:07","date_gmt":"2014-08-29T01:35:07","guid":{"rendered":"http:\/\/wp\/?page_id=11"},"modified":"2025-10-22T03:06:49","modified_gmt":"2025-10-22T00:06:49","slug":"contact","status":"publish","type":"page","link":"https:\/\/www.suni-cim.com.tr\/en\/contact","title":{"rendered":"Artificial turf visual pictures"},"content":{"rendered":"\n<style type=\"text\/css\" data-created_by=\"avia_inline_auto\" id=\"style-css-av-1sre4o-4364be8287baa25a1455ac53027cd189\">\n.avia-section.av-1sre4o-4364be8287baa25a1455ac53027cd189{\nbackground-color:#697282;\nbackground-image:unset;\n}\n.avia-section.av-1sre4o-4364be8287baa25a1455ac53027cd189 .av-extra-border-element .av-extra-border-inner{\nbackground-color:#697282;\n}\n<\/style>\n<div id='av_section_1'  class='avia-section av-1sre4o-4364be8287baa25a1455ac53027cd189 main_color avia-section-default avia-no-border-styling  avia-builder-el-0  el_before_av_masonry_entries  avia-builder-el-first  avia-bg-style-scroll av-arrow-down-section av-minimum-height av-minimum-height-custom av-height-custom  container_wrap sidebar_right'   data-av_minimum_height_px='430'><div class='container av-section-cont-open' style='height:430px'><main  role=\"main\" itemprop=\"mainContentOfPage\"  class='template-page content  av-content-small alpha units'><div class='post-entry post-entry-type-page post-entry-448'><div class='entry-content-wrapper clearfix'>\n\n<style type=\"text\/css\" data-created_by=\"avia_inline_auto\" id=\"style-css-av-1ke92w-0ff6285c293f4b2a036c971bc1bd0e4c\">\n#top .av-special-heading.av-1ke92w-0ff6285c293f4b2a036c971bc1bd0e4c{\npadding-bottom:40px;\ncolor:#ffffff;\nfont-size:72px;\n}\nbody .av-special-heading.av-1ke92w-0ff6285c293f4b2a036c971bc1bd0e4c .av-special-heading-tag .heading-char{\nfont-size:25px;\n}\n#top #wrap_all .av-special-heading.av-1ke92w-0ff6285c293f4b2a036c971bc1bd0e4c .av-special-heading-tag{\nfont-size:72px;\n}\n.av-special-heading.av-1ke92w-0ff6285c293f4b2a036c971bc1bd0e4c .special-heading-inner-border{\nborder-color:#ffffff;\n}\n.av-special-heading.av-1ke92w-0ff6285c293f4b2a036c971bc1bd0e4c .av-subheading{\nfont-size:20px;\n}\n\n@media only screen and (min-width: 480px) and (max-width: 767px){ \n#top #wrap_all .av-special-heading.av-1ke92w-0ff6285c293f4b2a036c971bc1bd0e4c .av-special-heading-tag{\nfont-size:0.8em;\n}\n}\n\n@media only screen and (max-width: 479px){ \n#top #wrap_all .av-special-heading.av-1ke92w-0ff6285c293f4b2a036c971bc1bd0e4c .av-special-heading-tag{\nfont-size:0.8em;\n}\n}\n<\/style>\n<div  class='av-special-heading av-1ke92w-0ff6285c293f4b2a036c971bc1bd0e4c av-special-heading-h2 custom-color-heading blockquote modern-quote  avia-builder-el-1  avia-builder-el-no-sibling  av-inherit-size'><h2 class='av-special-heading-tag '  itemprop=\"headline\"  >hal\u0131 saha g\u00f6rsel resimleri<\/h2><div class='av_custom_color av-subheading av-subheading_below'><p>hal\u0131 saha g\u00f6rsel resimleri hal\u0131 saha g\u00f6rsel resimleri hal\u0131 saha g\u00f6rsel resimleri hal\u0131 saha g\u00f6rsel resimleri, hal\u0131 saha g\u00f6rsel resimleri<\/p>\n<\/div><div class=\"special-heading-border\"><div class=\"special-heading-inner-border\"><\/div><\/div><\/div>\n<div id='av-masonry-1' class='av-masonry av-1hb1zs-2ec89d8b47284422d1e3a4a358e8b7b0 noHover av-fixed-size av-no-gap av-hover-overlay-active av-masonry-animation-active av-masonry-col-flexible av-caption-on-hover av-caption-style- av-masonry-entries ' data-post_id=\"448\"><div class='av-masonry-sort main_color av-sort-yes-tax' data-masonry-id='1' ><div class='av-current-sort-title'><span class=\"inner_sort_button\"><span>All<\/span><small class=\"avia-term-count\"> 7 <\/small><\/span><\/div><div class='av-sort-by-term  ' data-av-allowed-sort='[\"print-design_sort\",\"video-editing_sort\",\"web-design_sort\"]' ><a href=\"#\" data-filter=\"all_sort\" class=\"all_sort_button active_sort\"><span class=\"inner_sort_button\"><span>All<\/span><small class=\"avia-term-count\"> 7 <\/small><\/span><\/a><span class='text-sep print-design_sort_sep avia_show_sort'>\/<\/span><a href=\"#\" data-filter=\"print-design_sort\" class=\"print-design_sort_button avia_show_sort\" ><span class=\"inner_sort_button\"><span>Print-Design<\/span><small class='avia-term-count'> 4 <\/small><\/span><\/a><span class='text-sep video-editing_sort_sep avia_show_sort'>\/<\/span><a href=\"#\" data-filter=\"video-editing_sort\" class=\"video-editing_sort_button avia_show_sort\" ><span class=\"inner_sort_button\"><span>Video Editing<\/span><small class='avia-term-count'> 3 <\/small><\/span><\/a><span class='text-sep web-design_sort_sep avia_show_sort'>\/<\/span><a href=\"#\" data-filter=\"web-design_sort\" class=\"web-design_sort_button avia_show_sort\" ><span class=\"inner_sort_button\"><span>Web-Design<\/span><small class='avia-term-count'> 3 <\/small><\/span><\/a><\/div><\/div><div class=\"av-masonry-container isotope av-js-disabled\"><div class='av-masonry-entry isotope-item av-masonry-item-no-image all_sort print-design_sort  video-editing_sort  web-design_sort '><\/div><a href=\"https:\/\/www.suni-cim.com.tr\/en\/portfolio-item\/project-2-7\"  id='av-masonry-1-item-403' data-av-masonry-item='403' class='av-masonry-entry isotope-item post-403 portfolio type-portfolio status-publish has-post-thumbnail hentry tag-landscape tag-portrait portfolio_entries-print-design portfolio_entries-video-editing all_sort print-design_sort  video-editing_sort  av-masonry-item-with-image av-portrait-img av-landscape-img' title=\"Showcase-04\"   itemscope=\"itemscope\" itemtype=\"https:\/\/schema.org\/CreativeWork\" ><div class='av-inner-masonry-sizer'><\/div><figure class='av-inner-masonry main_color'><div class=\"av-masonry-outerimage-container\"><div class='av-masonry-image-container' style=\"background-image: url(https:\/\/www.suni-cim.com.tr\/yukleme\/2014\/08\/Showcase-04.png);\"  title=\"Showcase-04\" ><\/div><\/div><figcaption class='av-inner-masonry-content site-background'><div class='av-inner-masonry-content-pos'><div class='av-inner-masonry-content-pos-content'><div class='avia-arrow'><\/div><h3 class='av-masonry-entry-title entry-title '  itemprop=\"headline\" >Example with small image slider<\/h3><\/div><\/div><\/figcaption><\/figure><\/a><!--end av-masonry entry--><a href=\"https:\/\/www.suni-cim.com.tr\/en\/portfolio-item\/project-2-6\"  id='av-masonry-1-item-402' data-av-masonry-item='402' class='av-masonry-entry isotope-item post-402 portfolio type-portfolio status-publish has-post-thumbnail hentry tag-landscape portfolio_entries-print-design all_sort print-design_sort  av-masonry-item-with-image av-landscape-img' title=\"Showcase-01\"   itemscope=\"itemscope\" itemtype=\"https:\/\/schema.org\/CreativeWork\" ><div class='av-inner-masonry-sizer'><\/div><figure class='av-inner-masonry main_color'><div class=\"av-masonry-outerimage-container\"><div class='av-masonry-image-container' style=\"background-image: url(https:\/\/www.suni-cim.com.tr\/yukleme\/2014\/08\/Showcase-01-705x705.png);\"  title=\"Showcase-01\" ><\/div><\/div><figcaption class='av-inner-masonry-content site-background'><div class='av-inner-masonry-content-pos'><div class='av-inner-masonry-content-pos-content'><div class='avia-arrow'><\/div><h3 class='av-masonry-entry-title entry-title '  itemprop=\"headline\" >Superflat<\/h3><\/div><\/div><\/figcaption><\/figure><\/a><!--end av-masonry entry--><a href=\"https:\/\/www.suni-cim.com.tr\/en\/portfolio-item\/project-2-5\"  id='av-masonry-1-item-401' data-av-masonry-item='401' class='av-masonry-entry isotope-item post-401 portfolio type-portfolio status-publish has-post-thumbnail hentry portfolio_entries-video-editing portfolio_entries-web-design all_sort video-editing_sort  web-design_sort  av-masonry-item-with-image av-grid-img' title=\"Showcase-03\"   itemscope=\"itemscope\" itemtype=\"https:\/\/schema.org\/CreativeWork\" ><div class='av-inner-masonry-sizer'><\/div><figure class='av-inner-masonry main_color'><div class=\"av-masonry-outerimage-container\"><div class='av-masonry-image-container' style=\"background-image: url(https:\/\/www.suni-cim.com.tr\/yukleme\/2014\/08\/Showcase-03-705x705.png);\"  title=\"Showcase-03\" ><\/div><\/div><figcaption class='av-inner-masonry-content site-background'><div class='av-inner-masonry-content-pos'><div class='av-inner-masonry-content-pos-content'><div class='avia-arrow'><\/div><h3 class='av-masonry-entry-title entry-title '  itemprop=\"headline\" >Video Background<\/h3><\/div><\/div><\/figcaption><\/figure><\/a><!--end av-masonry entry--><a href=\"https:\/\/www.suni-cim.com.tr\/en\/portfolio-item\/project-2-4\"  id='av-masonry-1-item-400' data-av-masonry-item='400' class='av-masonry-entry isotope-item post-400 portfolio type-portfolio status-publish has-post-thumbnail hentry tag-portrait portfolio_entries-video-editing all_sort video-editing_sort  av-masonry-item-with-image av-portrait-img' title=\"Showcase-05\"   itemscope=\"itemscope\" itemtype=\"https:\/\/schema.org\/CreativeWork\" ><div class='av-inner-masonry-sizer'><\/div><figure class='av-inner-masonry main_color'><div class=\"av-masonry-outerimage-container\"><div class='av-masonry-image-container' style=\"background-image: url(https:\/\/www.suni-cim.com.tr\/yukleme\/2014\/08\/Showcase-05-705x705.png);\"  title=\"Showcase-05\" ><\/div><\/div><figcaption class='av-inner-masonry-content site-background'><div class='av-inner-masonry-content-pos'><div class='av-inner-masonry-content-pos-content'><div class='avia-arrow'><\/div><h3 class='av-masonry-entry-title entry-title '  itemprop=\"headline\" >Lorem ipsum<\/h3><\/div><\/div><\/figcaption><\/figure><\/a><!--end av-masonry entry--><a href=\"https:\/\/www.suni-cim.com.tr\/en\/portfolio-item\/project-2-3\"  id='av-masonry-1-item-399' data-av-masonry-item='399' class='av-masonry-entry isotope-item post-399 portfolio type-portfolio status-publish has-post-thumbnail hentry portfolio_entries-print-design all_sort print-design_sort  av-masonry-item-with-image av-grid-img' title=\"Showcase-06\"   itemscope=\"itemscope\" itemtype=\"https:\/\/schema.org\/CreativeWork\" ><div class='av-inner-masonry-sizer'><\/div><figure class='av-inner-masonry main_color'><div class=\"av-masonry-outerimage-container\"><div class='av-masonry-image-container' style=\"background-image: url(https:\/\/www.suni-cim.com.tr\/yukleme\/2014\/08\/Showcase-06-705x705.png);\"  title=\"Showcase-06\" ><\/div><\/div><figcaption class='av-inner-masonry-content site-background'><div class='av-inner-masonry-content-pos'><div class='av-inner-masonry-content-pos-content'><div class='avia-arrow'><\/div><h3 class='av-masonry-entry-title entry-title '  itemprop=\"headline\" >Some cool projects<\/h3><\/div><\/div><\/figcaption><\/figure><\/a><!--end av-masonry entry--><a href=\"https:\/\/www.suni-cim.com.tr\/en\/portfolio-item\/project-2-2\"  id='av-masonry-1-item-398' data-av-masonry-item='398' class='av-masonry-entry isotope-item post-398 portfolio type-portfolio status-publish has-post-thumbnail hentry portfolio_entries-web-design all_sort web-design_sort  av-masonry-item-with-image av-grid-img' title=\"Showcase-07\"   itemscope=\"itemscope\" itemtype=\"https:\/\/schema.org\/CreativeWork\" ><div class='av-inner-masonry-sizer'><\/div><figure class='av-inner-masonry main_color'><div class=\"av-masonry-outerimage-container\"><div class='av-masonry-image-container' style=\"background-image: url(https:\/\/www.suni-cim.com.tr\/yukleme\/2014\/08\/Showcase-07-705x705.png);\"  title=\"Showcase-07\" ><\/div><\/div><figcaption class='av-inner-masonry-content site-background'><div class='av-inner-masonry-content-pos'><div class='av-inner-masonry-content-pos-content'><div class='avia-arrow'><\/div><h3 class='av-masonry-entry-title entry-title '  itemprop=\"headline\" >Interesting #4<\/h3><\/div><\/div><\/figcaption><\/figure><\/a><!--end av-masonry entry--><a href=\"https:\/\/www.suni-cim.com.tr\/en\/portfolio-item\/project-2\"  id='av-masonry-1-item-334' data-av-masonry-item='334' class='av-masonry-entry isotope-item post-334 portfolio type-portfolio status-publish has-post-thumbnail hentry portfolio_entries-print-design portfolio_entries-web-design all_sort print-design_sort  web-design_sort  av-masonry-item-with-image av-grid-img' title=\"Showcase-02\"   itemscope=\"itemscope\" itemtype=\"https:\/\/schema.org\/CreativeWork\" ><div class='av-inner-masonry-sizer'><\/div><figure class='av-inner-masonry main_color'><div class=\"av-masonry-outerimage-container\"><div class='av-masonry-image-container' style=\"background-image: url(https:\/\/www.suni-cim.com.tr\/yukleme\/2014\/08\/Showcase-02-705x705.png);\"  title=\"Showcase-02\" ><\/div><\/div><figcaption class='av-inner-masonry-content site-background'><div class='av-inner-masonry-content-pos'><div class='av-inner-masonry-content-pos-content'><div class='avia-arrow'><\/div><h3 class='av-masonry-entry-title entry-title '  itemprop=\"headline\" >Portfolio Entry<\/h3><\/div><\/div><\/figcaption><\/figure><\/a><!--end av-masonry entry--><\/div><\/div><\/p>\n<div id='av_section_2'  class='avia-section av-19zw88-f9f065b725fcffc3d4c32a14751dbcfd main_color avia-section-default avia-no-shadow  avia-builder-el-3  el_after_av_masonry_entries  avia-builder-el-last  avia-bg-style-scroll container_wrap sidebar_right'  ><div class='container av-section-cont-open' ><div class='template-page content  av-content-small alpha units'><div class='post-entry post-entry-type-page post-entry-448'><div class='entry-content-wrapper clearfix'>\n<div  class='flex_column av-3tvb4-3ca87401b5ae48b6d09fe3b76a0be760 av_one_third  avia-builder-el-4  el_before_av_one_third  avia-builder-el-first  first flex_column_div  '     ><style type=\"text\/css\" data-created_by=\"avia_inline_auto\" id=\"style-css-av-ywjoo-52c202dc5019c16d083a5df13200d08d\">\n.iconbox.av-ywjoo-52c202dc5019c16d083a5df13200d08d .iconbox_icon{\nborder:1px solid #697282;\ncolor:#697282;\n}\n.iconbox.av-ywjoo-52c202dc5019c16d083a5df13200d08d .iconbox_icon.avia-svg-icon svg:first-child{\nfill:#697282;\nstroke:#697282;\n}\n<\/style>\n<article  class='iconbox iconbox_left_content av-ywjoo-52c202dc5019c16d083a5df13200d08d  avia-builder-el-5  avia-builder-el-no-sibling '  itemscope=\"itemscope\" itemtype=\"https:\/\/schema.org\/CreativeWork\" ><div class='iconbox_icon heading-color avia-iconfont avia-font-entypo-fontello' data-av_icon='\ue80a' data-av_iconfont='entypo-fontello'  ><\/div><div class=\"iconbox_content\"><header class=\"entry-content-header\" aria-label=\"Icon: IconBox Title\"><h3 class='iconbox_content_title '  itemprop=\"headline\" >IconBox Title<\/h3><\/header><div class='iconbox_content_container '  itemprop=\"text\" ><p>Aenean e penatibus et magnis dis parturient montes, nascetur ridiculus mus.\u00a0Lorem ipsum dolor sit amet, consectetuer adipiscing elit.<\/p>\n<\/div><\/div><footer class=\"entry-footer\"><\/footer><\/article><\/div><div  class='flex_column av-2yqxs-51512c2741650a98688c860e9670adfd av_one_third  avia-builder-el-6  el_after_av_one_third  el_before_av_one_third  flex_column_div  '     ><style type=\"text\/css\" data-created_by=\"avia_inline_auto\" id=\"style-css-av-jbtq8-580c691f4ba0aab41211d9722eb5f794\">\n.iconbox.av-jbtq8-580c691f4ba0aab41211d9722eb5f794 .iconbox_icon{\nborder:1px solid #697282;\ncolor:#697282;\n}\n.iconbox.av-jbtq8-580c691f4ba0aab41211d9722eb5f794 .iconbox_icon.avia-svg-icon svg:first-child{\nfill:#697282;\nstroke:#697282;\n}\n<\/style>\n<article  class='iconbox iconbox_left_content av-jbtq8-580c691f4ba0aab41211d9722eb5f794  avia-builder-el-7  avia-builder-el-no-sibling '  itemscope=\"itemscope\" itemtype=\"https:\/\/schema.org\/CreativeWork\" ><div class='iconbox_icon heading-color avia-iconfont avia-font-entypo-fontello' data-av_icon='\ue808' data-av_iconfont='entypo-fontello'  ><\/div><div class=\"iconbox_content\"><header class=\"entry-content-header\" aria-label=\"Icon: IconBox Title\"><h3 class='iconbox_content_title '  itemprop=\"headline\" >IconBox Title<\/h3><\/header><div class='iconbox_content_container '  itemprop=\"text\" ><p>Aenean e penatibus et magnis dis parturient montes, nascetur ridiculus mus.\u00a0Lorem ipsum dolor sit amet, consectetuer adipiscing elit.<\/p>\n<\/div><\/div><footer class=\"entry-footer\"><\/footer><\/article><\/div><div  class='flex_column av-fynug-9a37bb02c0a6d79398d8d00799e99bbc av_one_third  avia-builder-el-8  el_after_av_one_third  avia-builder-el-last  flex_column_div  '     ><style type=\"text\/css\" data-created_by=\"avia_inline_auto\" id=\"style-css-av-atk9k-2033e34448d731f9699e69a0554a1936\">\n.iconbox.av-atk9k-2033e34448d731f9699e69a0554a1936 .iconbox_icon{\nborder:1px solid #697282;\ncolor:#697282;\n}\n.iconbox.av-atk9k-2033e34448d731f9699e69a0554a1936 .iconbox_icon.avia-svg-icon svg:first-child{\nfill:#697282;\nstroke:#697282;\n}\n<\/style>\n<article  class='iconbox iconbox_left_content av-atk9k-2033e34448d731f9699e69a0554a1936  avia-builder-el-9  avia-builder-el-no-sibling '  itemscope=\"itemscope\" itemtype=\"https:\/\/schema.org\/CreativeWork\" ><div class='iconbox_icon heading-color avia-iconfont avia-font-entypo-fontello' data-av_icon='\ue856' data-av_iconfont='entypo-fontello'  ><\/div><div class=\"iconbox_content\"><header class=\"entry-content-header\" aria-label=\"Icon: IconBox Title\"><h3 class='iconbox_content_title '  itemprop=\"headline\" >IconBox Title<\/h3><\/header><div class='iconbox_content_container '  itemprop=\"text\" ><p>Aenean e penatibus et magnis dis parturient montes, nascetur ridiculus mus.\u00a0Lorem ipsum dolor sit amet, consectetuer adipiscing elit.<\/p>\n<\/div><\/div><footer class=\"entry-footer\"><\/footer><\/article><\/div>\n<\/div><\/div><\/main><!-- close content main element --><\/div><\/div><div id='after_section_2'  class='main_color av_default_container_wrap container_wrap sidebar_right'  ><div class='container av-section-cont-open' ><div class='template-page content  av-content-small alpha units'><div class='post-entry post-entry-type-page post-entry-448'><div class='entry-content-wrapper clearfix'>\n","protected":false},"excerpt":{"rendered":"","protected":false},"author":2,"featured_media":633,"parent":0,"menu_order":0,"comment_status":"open","ping_status":"closed","template":"","meta":{"footnotes":""},"class_list":["post-448","page","type-page","status-publish","has-post-thumbnail","hentry"],"_links":{"self":[{"href":"https:\/\/www.suni-cim.com.tr\/en\/wp-json\/wp\/v2\/pages\/448","targetHints":{"allow":["GET"]}}],"collection":[{"href":"https:\/\/www.suni-cim.com.tr\/en\/wp-json\/wp\/v2\/pages"}],"about":[{"href":"https:\/\/www.suni-cim.com.tr\/en\/wp-json\/wp\/v2\/types\/page"}],"author":[{"embeddable":true,"href":"https:\/\/www.suni-cim.com.tr\/en\/wp-json\/wp\/v2\/users\/2"}],"replies":[{"embeddable":true,"href":"https:\/\/www.suni-cim.com.tr\/en\/wp-json\/wp\/v2\/comments?post=448"}],"version-history":[{"count":0,"href":"https:\/\/www.suni-cim.com.tr\/en\/wp-json\/wp\/v2\/pages\/448\/revisions"}],"wp:featuredmedia":[{"embeddable":true,"href":"https:\/\/www.suni-cim.com.tr\/en\/wp-json\/wp\/v2\/media\/633"}],"wp:attachment":[{"href":"https:\/\/www.suni-cim.com.tr\/en\/wp-json\/wp\/v2\/media?parent=448"}],"curies":[{"name":"wp","href":"https:\/\/api.w.org\/{rel}","templated":true}]}}